{"id":444,"date":"2023-08-03T16:25:36","date_gmt":"2023-08-03T14:25:36","guid":{"rendered":"https:\/\/tu-rozmawiajmy.pl\/?page_id=444"},"modified":"2023-08-03T16:36:38","modified_gmt":"2023-08-03T14:36:38","slug":"pakiet-sesji-coachingowych","status":"publish","type":"page","link":"https:\/\/tu-rozmawiajmy.pl\/index.php\/pakiet-sesji-coachingowych\/","title":{"rendered":"Pakiet Sesji Coachingowych"},"content":{"rendered":"\t\t<div data-elementor-type=\"wp-page\" data-elementor-id=\"444\" class=\"elementor elementor-444\">\n\t\t\t\t\t\t\t\t\t<section class=\"elementor-section elementor-top-section elementor-element elementor-element-5bd0b3e1 elementor-section-boxed elementor-section-height-default elementor-section-height-default\" data-id=\"5bd0b3e1\" data-element_type=\"section\">\n\t\t\t\t\t\t\t<div class=\"elementor-background-overlay\"><\/div>\n\t\t\t\t\t\t\t<div class=\"elementor-container elementor-column-gap-default\">\n\t\t\t\t\t<div class=\"elementor-column elementor-col-50 elementor-top-column elementor-element elementor-element-337b63d1 elementor-invisible\" data-id=\"337b63d1\" data-element_type=\"column\" data-settings=\"{&quot;animation&quot;:&quot;fadeInLeft&quot;}\">\n\t\t\t<div class=\"elementor-widget-wrap elementor-element-populated\">\n\t\t\t\t\t\t\t\t<div class=\"elementor-element elementor-element-4fa66bba elementor-widget elementor-widget-heading\" data-id=\"4fa66bba\" data-element_type=\"widget\" data-widget_type=\"heading.default\">\n\t\t\t\t<div class=\"elementor-widget-container\">\n\t\t\t<style>\/*! elementor - v3.15.0 - 02-08-2023 *\/\n.elementor-heading-title{padding:0;margin:0;line-height:1}.elementor-widget-heading .elementor-heading-title[class*=elementor-size-]>a{color:inherit;font-size:inherit;line-height:inherit}.elementor-widget-heading .elementor-heading-title.elementor-size-small{font-size:15px}.elementor-widget-heading .elementor-heading-title.elementor-size-medium{font-size:19px}.elementor-widget-heading .elementor-heading-title.elementor-size-large{font-size:29px}.elementor-widget-heading .elementor-heading-title.elementor-size-xl{font-size:39px}.elementor-widget-heading .elementor-heading-title.elementor-size-xxl{font-size:59px}<\/style><h6 class=\"elementor-heading-title elementor-size-default\">Pakiet Sesji Coachingowych<\/h6>\t\t<\/div>\n\t\t\t\t<\/div>\n\t\t\t\t<div class=\"elementor-element elementor-element-53c05b82 elementor-widget elementor-widget-text-editor\" data-id=\"53c05b82\" data-element_type=\"widget\" data-widget_type=\"text-editor.default\">\n\t\t\t\t<div class=\"elementor-widget-container\">\n\t\t\t<style>\/*! elementor - v3.15.0 - 02-08-2023 *\/\n.elementor-widget-text-editor.elementor-drop-cap-view-stacked .elementor-drop-cap{background-color:#69727d;color:#fff}.elementor-widget-text-editor.elementor-drop-cap-view-framed .elementor-drop-cap{color:#69727d;border:3px solid;background-color:transparent}.elementor-widget-text-editor:not(.elementor-drop-cap-view-default) .elementor-drop-cap{margin-top:8px}.elementor-widget-text-editor:not(.elementor-drop-cap-view-default) .elementor-drop-cap-letter{width:1em;height:1em}.elementor-widget-text-editor .elementor-drop-cap{float:left;text-align:center;line-height:1;font-size:50px}.elementor-widget-text-editor .elementor-drop-cap-letter{display:inline-block}<\/style>\t\t\t\t<p>Je\u015bli wiesz nad czym chcesz pracowa\u0107 i co chcesz osi\u0105gn\u0105\u0107 zapraszam Ci\u0119 do skorzystania z pakietu 10 sesji coachingowych. Podczas nich b\u0119dziemy przygl\u0105da\u0107 si\u0119 zmianom i efektom naszej pracy. Je\u015bli b\u0119dziesz tego potrzebowa\u0107 wprowadzimy zmiany i zredefiniujemy postawiony wcze\u015bniej cel. Podczas ostatniego spotkania podsumujemy efekty i zmiany, jakie w Tobie zasz\u0142y i wyznaczymy kolejne kroki do dzia\u0142ania. Pami\u0119taj, \u017ce wszystkie odpowiedzi s\u0105 w Tobie, trzeba si\u0119 tylko do nich dosta\u0107.<\/p><p>*Czas ka\u017cdego spotkania \u2013 do 60 minut. Sesje odbywaj\u0105 si\u0119 w dowolnej dla Ciebie formie online.<span class=\"Apple-converted-space\">\u00a0<\/span><\/p>\t\t\t\t\t\t<\/div>\n\t\t\t\t<\/div>\n\t\t\t\t<div class=\"elementor-element elementor-element-2f84a7ee elementor-widget elementor-widget-button\" data-id=\"2f84a7ee\" data-element_type=\"widget\" data-widget_type=\"button.default\">\n\t\t\t\t<div class=\"elementor-widget-container\">\n\t\t\t\t\t<div class=\"elementor-button-wrapper\">\n\t\t\t<a class=\"elementor-button elementor-button-link elementor-size-md\" href=\"https:\/\/tu-rozmawiajmy.pl\/index.php\/kalendarz\/\">\n\t\t\t\t\t\t<span class=\"elementor-button-content-wrapper\">\n\t\t\t\t\t\t<span class=\"elementor-button-text\">Umawiam si\u0119<\/span>\n\t\t<\/span>\n\t\t\t\t\t<\/a>\n\t\t<\/div>\n\t\t\t\t<\/div>\n\t\t\t\t<\/div>\n\t\t\t\t\t<\/div>\n\t\t<\/div>\n\t\t\t\t<div class=\"elementor-column elementor-col-50 elementor-top-column elementor-element elementor-element-43b1dcb2\" data-id=\"43b1dcb2\" data-element_type=\"column\">\n\t\t\t<div class=\"elementor-widget-wrap elementor-element-populated\">\n\t\t\t\t\t\t\t\t<div class=\"elementor-element elementor-element-218b9676 elementor-invisible elementor-widget elementor-widget-image\" data-id=\"218b9676\" data-element_type=\"widget\" data-settings=\"{&quot;_animation&quot;:&quot;bounceInDown&quot;}\" data-widget_type=\"image.default\">\n\t\t\t\t<div class=\"elementor-widget-container\">\n\t\t\t<style>\/*! elementor - v3.15.0 - 02-08-2023 *\/\n.elementor-widget-image{text-align:center}.elementor-widget-image a{display:inline-block}.elementor-widget-image a img[src$=\".svg\"]{width:48px}.elementor-widget-image img{vertical-align:middle;display:inline-block}<\/style>\t\t\t\t\t\t\t\t\t\t\t\t<img decoding=\"async\" width=\"1000\" height=\"667\" src=\"https:\/\/tu-rozmawiajmy.pl\/wp-content\/uploads\/2023\/08\/3.jpg\" class=\"attachment-full size-full wp-image-336\" alt=\"\" loading=\"lazy\" srcset=\"https:\/\/tu-rozmawiajmy.pl\/wp-content\/uploads\/2023\/08\/3.jpg 1000w, https:\/\/tu-rozmawiajmy.pl\/wp-content\/uploads\/2023\/08\/3-300x200.jpg 300w, https:\/\/tu-rozmawiajmy.pl\/wp-content\/uploads\/2023\/08\/3-768x512.jpg 768w, https:\/\/tu-rozmawiajmy.pl\/wp-content\/uploads\/2023\/08\/3-600x400.jpg 600w\" sizes=\"(max-width: 1000px) 100vw, 1000px\" \/>\t\t\t\t\t\t\t\t\t\t\t\t\t\t\t<\/div>\n\t\t\t\t<\/div>\n\t\t\t\t\t<\/div>\n\t\t<\/div>\n\t\t\t\t\t\t\t<\/div>\n\t\t<\/section>\n\t\t\t\t\t\t\t<\/div>\n\t\t","protected":false},"excerpt":{"rendered":"<p>Pakiet Sesji Coachingowych Je\u015bli wiesz nad czym chcesz pracowa\u0107 i co chcesz osi\u0105gn\u0105\u0107 zapraszam Ci\u0119 do skorzystania z pakietu 10 sesji coachingowych. Podczas nich b\u0119dziemy przygl\u0105da\u0107 si\u0119 zmianom i efektom naszej pracy. Je\u015bli b\u0119dziesz tego potrzebowa\u0107 wprowadzimy zmiany i zredefiniujemy postawiony wcze\u015bniej cel. Podczas ostatniego spotkania podsumujemy efekty i zmiany, jakie w Tobie zasz\u0142y i [&hellip;]<\/p>\n","protected":false},"author":1,"featured_media":0,"parent":0,"menu_order":0,"comment_status":"closed","ping_status":"closed","template":"elementor_header_footer","meta":{"_monsterinsights_skip_tracking":false,"_monsterinsights_sitenote_active":false,"_monsterinsights_sitenote_note":"","_monsterinsights_sitenote_category":0},"aioseo_notices":[],"_links":{"self":[{"href":"https:\/\/tu-rozmawiajmy.pl\/index.php\/wp-json\/wp\/v2\/pages\/444"}],"collection":[{"href":"https:\/\/tu-rozmawiajmy.pl\/index.php\/wp-json\/wp\/v2\/pages"}],"about":[{"href":"https:\/\/tu-rozmawiajmy.pl\/index.php\/wp-json\/wp\/v2\/types\/page"}],"author":[{"embeddable":true,"href":"https:\/\/tu-rozmawiajmy.pl\/index.php\/wp-json\/wp\/v2\/users\/1"}],"replies":[{"embeddable":true,"href":"https:\/\/tu-rozmawiajmy.pl\/index.php\/wp-json\/wp\/v2\/comments?post=444"}],"version-history":[{"count":10,"href":"https:\/\/tu-rozmawiajmy.pl\/index.php\/wp-json\/wp\/v2\/pages\/444\/revisions"}],"predecessor-version":[{"id":461,"href":"https:\/\/tu-rozmawiajmy.pl\/index.php\/wp-json\/wp\/v2\/pages\/444\/revisions\/461"}],"wp:attachment":[{"href":"https:\/\/tu-rozmawiajmy.pl\/index.php\/wp-json\/wp\/v2\/media?parent=444"}],"curies":[{"name":"wp","href":"https:\/\/api.w.org\/{rel}","templated":true}]}}