{"id":137,"date":"2023-08-01T21:19:04","date_gmt":"2023-08-01T19:19:04","guid":{"rendered":"https:\/\/tu-rozmawiajmy.pl\/?page_id=137"},"modified":"2023-08-03T17:02:52","modified_gmt":"2023-08-03T15:02:52","slug":"o-mnie","status":"publish","type":"page","link":"https:\/\/tu-rozmawiajmy.pl\/index.php\/o-mnie\/","title":{"rendered":"O mnie"},"content":{"rendered":"\t\t<div data-elementor-type=\"wp-page\" data-elementor-id=\"137\" class=\"elementor elementor-137\">\n\t\t\t\t\t\t\t\t\t<section class=\"elementor-section elementor-top-section elementor-element elementor-element-3c73a5da elementor-section-boxed elementor-section-height-default elementor-section-height-default\" data-id=\"3c73a5da\" data-element_type=\"section\">\n\t\t\t\t\t\t\t<div class=\"elementor-background-overlay\"><\/div>\n\t\t\t\t\t\t\t<div class=\"elementor-container elementor-column-gap-default\">\n\t\t\t\t\t<div class=\"elementor-column elementor-col-100 elementor-top-column elementor-element elementor-element-782170c3\" data-id=\"782170c3\" data-element_type=\"column\">\n\t\t\t<div class=\"elementor-widget-wrap elementor-element-populated\">\n\t\t\t\t\t\t\t\t<div class=\"elementor-element elementor-element-f232e16 elementor-invisible elementor-widget elementor-widget-heading\" data-id=\"f232e16\" data-element_type=\"widget\" data-settings=\"{&quot;_animation&quot;:&quot;fadeInUp&quot;}\" data-widget_type=\"heading.default\">\n\t\t\t\t<div class=\"elementor-widget-container\">\n\t\t\t<style>\/*! elementor - v3.15.0 - 02-08-2023 *\/\n.elementor-heading-title{padding:0;margin:0;line-height:1}.elementor-widget-heading .elementor-heading-title[class*=elementor-size-]>a{color:inherit;font-size:inherit;line-height:inherit}.elementor-widget-heading .elementor-heading-title.elementor-size-small{font-size:15px}.elementor-widget-heading .elementor-heading-title.elementor-size-medium{font-size:19px}.elementor-widget-heading .elementor-heading-title.elementor-size-large{font-size:29px}.elementor-widget-heading .elementor-heading-title.elementor-size-xl{font-size:39px}.elementor-widget-heading .elementor-heading-title.elementor-size-xxl{font-size:59px}<\/style><h1 class=\"elementor-heading-title elementor-size-default\">O mnie<\/h1>\t\t<\/div>\n\t\t\t\t<\/div>\n\t\t\t\t\t<\/div>\n\t\t<\/div>\n\t\t\t\t\t\t\t<\/div>\n\t\t<\/section>\n\t\t\t\t<section class=\"elementor-section elementor-top-section elementor-element elementor-element-5c848629 elementor-section-boxed elementor-section-height-default elementor-section-height-default\" data-id=\"5c848629\" data-element_type=\"section\">\n\t\t\t\t\t\t<div class=\"elementor-container elementor-column-gap-default\">\n\t\t\t\t\t<div class=\"elementor-column elementor-col-50 elementor-top-column elementor-element elementor-element-23862728 elementor-invisible\" data-id=\"23862728\" data-element_type=\"column\" data-settings=\"{&quot;animation&quot;:&quot;fadeInLeft&quot;}\">\n\t\t\t<div class=\"elementor-widget-wrap elementor-element-populated\">\n\t\t\t\t\t\t\t\t<div class=\"elementor-element elementor-element-6840e023 elementor-widget elementor-widget-heading\" data-id=\"6840e023\" data-element_type=\"widget\" data-widget_type=\"heading.default\">\n\t\t\t\t<div class=\"elementor-widget-container\">\n\t\t\t<h6 class=\"elementor-heading-title elementor-size-default\">Motto<\/h6>\t\t<\/div>\n\t\t\t\t<\/div>\n\t\t\t\t<div class=\"elementor-element elementor-element-1d7ebb18 elementor-widget elementor-widget-heading\" data-id=\"1d7ebb18\" data-element_type=\"widget\" data-widget_type=\"heading.default\">\n\t\t\t\t<div class=\"elementor-widget-container\">\n\t\t\t<h2 class=\"elementor-heading-title elementor-size-default\">Ka\u017cda zmiana to zrobienie czego\u015b inaczej ni\u017c zwykle.<\/h2>\t\t<\/div>\n\t\t\t\t<\/div>\n\t\t\t\t<div class=\"elementor-element elementor-element-ac72064 elementor-widget elementor-widget-text-editor\" data-id=\"ac72064\" data-element_type=\"widget\" data-widget_type=\"text-editor.default\">\n\t\t\t\t<div class=\"elementor-widget-container\">\n\t\t\t<style>\/*! elementor - v3.15.0 - 02-08-2023 *\/\n.elementor-widget-text-editor.elementor-drop-cap-view-stacked .elementor-drop-cap{background-color:#69727d;color:#fff}.elementor-widget-text-editor.elementor-drop-cap-view-framed .elementor-drop-cap{color:#69727d;border:3px solid;background-color:transparent}.elementor-widget-text-editor:not(.elementor-drop-cap-view-default) .elementor-drop-cap{margin-top:8px}.elementor-widget-text-editor:not(.elementor-drop-cap-view-default) .elementor-drop-cap-letter{width:1em;height:1em}.elementor-widget-text-editor .elementor-drop-cap{float:left;text-align:center;line-height:1;font-size:50px}.elementor-widget-text-editor .elementor-drop-cap-letter{display:inline-block}<\/style>\t\t\t\t<p>Je\u015bli zastanawiasz si\u0119, jak co\u015b zmieni\u0107 &#8211;\u00a0<span style=\"font-size: inherit; color: var( --e-global-color-dea41e4 ); font-family: var( --e-global-typography-b2ce6af-font-family ), Sans-serif; letter-spacing: var( --e-global-typography-b2ce6af-letter-spacing ); word-spacing: var( --e-global-typography-b2ce6af-word-spacing );\">po prostu postaw pierwszy krok. W trakcie naszych spotka\u0144 poka\u017c\u0119 Ci jak to zrobi\u0107.<\/span><\/p>\t\t\t\t\t\t<\/div>\n\t\t\t\t<\/div>\n\t\t\t\t\t<\/div>\n\t\t<\/div>\n\t\t\t\t<div class=\"elementor-column elementor-col-50 elementor-top-column elementor-element elementor-element-4b7c22dc\" data-id=\"4b7c22dc\" data-element_type=\"column\">\n\t\t\t<div class=\"elementor-widget-wrap elementor-element-populated\">\n\t\t\t\t\t\t\t\t<div class=\"elementor-element elementor-element-4347284c elementor-invisible elementor-widget elementor-widget-image\" data-id=\"4347284c\" data-element_type=\"widget\" data-settings=\"{&quot;_animation&quot;:&quot;bounceInDown&quot;}\" data-widget_type=\"image.default\">\n\t\t\t\t<div class=\"elementor-widget-container\">\n\t\t\t<style>\/*! elementor - v3.15.0 - 02-08-2023 *\/\n.elementor-widget-image{text-align:center}.elementor-widget-image a{display:inline-block}.elementor-widget-image a img[src$=\".svg\"]{width:48px}.elementor-widget-image img{vertical-align:middle;display:inline-block}<\/style>\t\t\t\t\t\t\t\t\t\t\t\t<img decoding=\"async\" width=\"2560\" height=\"1707\" src=\"https:\/\/tu-rozmawiajmy.pl\/wp-content\/uploads\/2023\/08\/Karolina-Sesja-Biznesowa-18-1-scaled.jpg\" class=\"attachment-full size-full wp-image-484\" alt=\"\" loading=\"lazy\" srcset=\"https:\/\/tu-rozmawiajmy.pl\/wp-content\/uploads\/2023\/08\/Karolina-Sesja-Biznesowa-18-1-scaled.jpg 2560w, https:\/\/tu-rozmawiajmy.pl\/wp-content\/uploads\/2023\/08\/Karolina-Sesja-Biznesowa-18-1-300x200.jpg 300w, https:\/\/tu-rozmawiajmy.pl\/wp-content\/uploads\/2023\/08\/Karolina-Sesja-Biznesowa-18-1-1024x683.jpg 1024w, https:\/\/tu-rozmawiajmy.pl\/wp-content\/uploads\/2023\/08\/Karolina-Sesja-Biznesowa-18-1-768x512.jpg 768w, https:\/\/tu-rozmawiajmy.pl\/wp-content\/uploads\/2023\/08\/Karolina-Sesja-Biznesowa-18-1-1536x1024.jpg 1536w, https:\/\/tu-rozmawiajmy.pl\/wp-content\/uploads\/2023\/08\/Karolina-Sesja-Biznesowa-18-1-2048x1365.jpg 2048w, https:\/\/tu-rozmawiajmy.pl\/wp-content\/uploads\/2023\/08\/Karolina-Sesja-Biznesowa-18-1-600x400.jpg 600w\" sizes=\"(max-width: 2560px) 100vw, 2560px\" \/>\t\t\t\t\t\t\t\t\t\t\t\t\t\t\t<\/div>\n\t\t\t\t<\/div>\n\t\t\t\t<div class=\"elementor-element elementor-element-308b397 elementor-widget__width-initial elementor-absolute elementor-invisible elementor-widget elementor-widget-image\" data-id=\"308b397\" data-element_type=\"widget\" data-settings=\"{&quot;_position&quot;:&quot;absolute&quot;,&quot;_animation&quot;:&quot;bounceInRight&quot;}\" data-widget_type=\"image.default\">\n\t\t\t\t<div class=\"elementor-widget-container\">\n\t\t\t\t\t\t\t\t\t\t\t\t\t\t\t<img decoding=\"async\" width=\"2560\" height=\"1707\" src=\"https:\/\/tu-rozmawiajmy.pl\/wp-content\/uploads\/2023\/07\/Karolina-Sesja-Biznesowa-8-scaled.jpg\" class=\"attachment-full size-full wp-image-64\" alt=\"\" loading=\"lazy\" srcset=\"https:\/\/tu-rozmawiajmy.pl\/wp-content\/uploads\/2023\/07\/Karolina-Sesja-Biznesowa-8-scaled.jpg 2560w, https:\/\/tu-rozmawiajmy.pl\/wp-content\/uploads\/2023\/07\/Karolina-Sesja-Biznesowa-8-scaled-600x400.jpg 600w, https:\/\/tu-rozmawiajmy.pl\/wp-content\/uploads\/2023\/07\/Karolina-Sesja-Biznesowa-8-300x200.jpg 300w, https:\/\/tu-rozmawiajmy.pl\/wp-content\/uploads\/2023\/07\/Karolina-Sesja-Biznesowa-8-1024x683.jpg 1024w, https:\/\/tu-rozmawiajmy.pl\/wp-content\/uploads\/2023\/07\/Karolina-Sesja-Biznesowa-8-768x512.jpg 768w, https:\/\/tu-rozmawiajmy.pl\/wp-content\/uploads\/2023\/07\/Karolina-Sesja-Biznesowa-8-1536x1024.jpg 1536w, https:\/\/tu-rozmawiajmy.pl\/wp-content\/uploads\/2023\/07\/Karolina-Sesja-Biznesowa-8-2048x1365.jpg 2048w, https:\/\/tu-rozmawiajmy.pl\/wp-content\/uploads\/2023\/07\/Karolina-Sesja-Biznesowa-8-360x240.jpg 360w\" sizes=\"(max-width: 2560px) 100vw, 2560px\" \/>\t\t\t\t\t\t\t\t\t\t\t\t\t\t\t<\/div>\n\t\t\t\t<\/div>\n\t\t\t\t\t<\/div>\n\t\t<\/div>\n\t\t\t\t\t\t\t<\/div>\n\t\t<\/section>\n\t\t\t\t<section class=\"elementor-section elementor-top-section elementor-element elementor-element-2d887bec elementor-section-boxed elementor-section-height-default elementor-section-height-default elementor-invisible\" data-id=\"2d887bec\" data-element_type=\"section\" data-settings=\"{&quot;animation&quot;:&quot;fadeInUp&quot;}\">\n\t\t\t\t\t\t<div class=\"elementor-container elementor-column-gap-default\">\n\t\t\t\t\t<div class=\"elementor-column elementor-col-100 elementor-top-column elementor-element elementor-element-3cc6c7e1\" data-id=\"3cc6c7e1\" data-element_type=\"column\" data-settings=\"{&quot;background_background&quot;:&quot;classic&quot;}\">\n\t\t\t<div class=\"elementor-widget-wrap elementor-element-populated\">\n\t\t\t\t\t<div class=\"elementor-background-overlay\"><\/div>\n\t\t\t\t\t\t\t\t<div class=\"elementor-element elementor-element-55f78706 elementor-widget elementor-widget-heading\" data-id=\"55f78706\" data-element_type=\"widget\" data-widget_type=\"heading.default\">\n\t\t\t\t<div class=\"elementor-widget-container\">\n\t\t\t<h2 class=\"elementor-heading-title elementor-size-default\">Poznajmy si\u0119<\/h2>\t\t<\/div>\n\t\t\t\t<\/div>\n\t\t\t\t<div class=\"elementor-element elementor-element-76168bf elementor-widget elementor-widget-spacer\" data-id=\"76168bf\" data-element_type=\"widget\" data-widget_type=\"spacer.default\">\n\t\t\t\t<div class=\"elementor-widget-container\">\n\t\t\t<style>\/*! elementor - v3.15.0 - 02-08-2023 *\/\n.elementor-column .elementor-spacer-inner{height:var(--spacer-size)}.e-con{--container-widget-width:100%}.e-con-inner>.elementor-widget-spacer,.e-con>.elementor-widget-spacer{width:var(--container-widget-width,var(--spacer-size));--align-self:var(--container-widget-align-self,initial);--flex-shrink:0}.e-con-inner>.elementor-widget-spacer>.elementor-widget-container,.e-con-inner>.elementor-widget-spacer>.elementor-widget-container>.elementor-spacer,.e-con>.elementor-widget-spacer>.elementor-widget-container,.e-con>.elementor-widget-spacer>.elementor-widget-container>.elementor-spacer{height:100%}.e-con-inner>.elementor-widget-spacer>.elementor-widget-container>.elementor-spacer>.elementor-spacer-inner,.e-con>.elementor-widget-spacer>.elementor-widget-container>.elementor-spacer>.elementor-spacer-inner{height:var(--container-widget-height,var(--spacer-size))}<\/style>\t\t<div class=\"elementor-spacer\">\n\t\t\t<div class=\"elementor-spacer-inner\"><\/div>\n\t\t<\/div>\n\t\t\t\t<\/div>\n\t\t\t\t<\/div>\n\t\t\t\t<div class=\"elementor-element elementor-element-290737f1 elementor-widget elementor-widget-text-editor\" data-id=\"290737f1\" data-element_type=\"widget\" data-widget_type=\"text-editor.default\">\n\t\t\t\t<div class=\"elementor-widget-container\">\n\t\t\t\t\t\t\t<p>Nazywam si\u0119 Karolina Malinowska i wybra\u0142am siebie.<\/p><p>Od kilku lat czu\u0142am, \u017ce wci\u0105\u017c szukam swojego miejsca i odpowiedniej drogi. Jaki\u015b czas temu zrozumia\u0142am, \u017ce wybranie siebie jest najlepszym, co mog\u0119 zrobi\u0107, by czu\u0107 spe\u0142nienie.<span class=\"Apple-converted-space\">\u00a0<\/span><\/p><p>Jestem absolwentk\u0105 Uniwersytetu Gda\u0144skiego, gdzie uko\u0144czy\u0142am Pedagogik\u0119 z elementami psychoterapii oraz Uniwersytetu SWPS, gdzie studiowa\u0142am Coaching z elementami psychologii.<span class=\"Apple-converted-space\">\u00a0 <\/span>Od 2016 roku pracuj\u0119 w korporacjach wi\u0119kszych i mniejszych. Mia\u0142am te\u017c przyjemno\u015b\u0107 prowadzi\u0107 sw\u00f3j zesp\u00f3\u0142 sprzeda\u017cowy.<span class=\"Apple-converted-space\">\u00a0<\/span><\/p><p>Od ponad 12 lat mieszkam w Tr\u00f3jmie\u015bcie. Interesuj\u0119 si\u0119 szeroko rozumianym rozwojem osobistym, poszerzaniem \u015bwiadomo\u015bci i dostrzeganiem uwa\u017cno\u015bci.<\/p><p>Moj\u0105 misj\u0105 jest pomoc w odzyskaniu si\u0142y do \u017cycia w\u0142asnym \u017cyciem. Do\u015bwiadczanie balansu w ka\u017cdej strefie i odnalezienie swojej wewn\u0119trznej si\u0142y i motywacji do dzia\u0142a\u0144 i akceptacji siebie. Wszystkie odpowiedzi s\u0105 w Tobie, a ja chc\u0119 by\u0107 Twoj\u0105 towarzyszk\u0105 w ich odkrywaniu. Je\u015bli czujesz, \u017ce co\u015b w Twoim \u017cyciu nie dzia\u0142a tak, jakby\u015b tego chcia\u0142 i chcesz znale\u017a\u0107 \u201eto co\u015b\u201d zapraszam Ci\u0119 do wsp\u00f3\u0142pracy.<\/p>\t\t\t\t\t\t<\/div>\n\t\t\t\t<\/div>\n\t\t\t\t<div class=\"elementor-element elementor-element-71786d5 elementor-widget elementor-widget-spacer\" data-id=\"71786d5\" data-element_type=\"widget\" data-widget_type=\"spacer.default\">\n\t\t\t\t<div class=\"elementor-widget-container\">\n\t\t\t\t\t<div class=\"elementor-spacer\">\n\t\t\t<div class=\"elementor-spacer-inner\"><\/div>\n\t\t<\/div>\n\t\t\t\t<\/div>\n\t\t\t\t<\/div>\n\t\t\t\t<div class=\"elementor-element elementor-element-b6974dd elementor-widget__width-auto elementor-widget elementor-widget-image\" data-id=\"b6974dd\" data-element_type=\"widget\" data-widget_type=\"image.default\">\n\t\t\t\t<div class=\"elementor-widget-container\">\n\t\t\t\t\t\t\t\t\t\t\t\t\t\t\t<img decoding=\"async\" width=\"800\" height=\"534\" src=\"https:\/\/tu-rozmawiajmy.pl\/wp-content\/uploads\/2023\/08\/Karolina-Sesja-Biznesowa-6-1024x683.jpg\" class=\"attachment-large size-large wp-image-211\" alt=\"\" loading=\"lazy\" srcset=\"https:\/\/tu-rozmawiajmy.pl\/wp-content\/uploads\/2023\/08\/Karolina-Sesja-Biznesowa-6-1024x683.jpg 1024w, https:\/\/tu-rozmawiajmy.pl\/wp-content\/uploads\/2023\/08\/Karolina-Sesja-Biznesowa-6-scaled-600x400.jpg 600w, https:\/\/tu-rozmawiajmy.pl\/wp-content\/uploads\/2023\/08\/Karolina-Sesja-Biznesowa-6-300x200.jpg 300w, https:\/\/tu-rozmawiajmy.pl\/wp-content\/uploads\/2023\/08\/Karolina-Sesja-Biznesowa-6-768x512.jpg 768w, https:\/\/tu-rozmawiajmy.pl\/wp-content\/uploads\/2023\/08\/Karolina-Sesja-Biznesowa-6-1536x1024.jpg 1536w, https:\/\/tu-rozmawiajmy.pl\/wp-content\/uploads\/2023\/08\/Karolina-Sesja-Biznesowa-6-2048x1365.jpg 2048w, https:\/\/tu-rozmawiajmy.pl\/wp-content\/uploads\/2023\/08\/Karolina-Sesja-Biznesowa-6-360x240.jpg 360w, https:\/\/tu-rozmawiajmy.pl\/wp-content\/uploads\/2023\/08\/Karolina-Sesja-Biznesowa-6-1320x880.jpg 1320w\" sizes=\"(max-width: 800px) 100vw, 800px\" \/>\t\t\t\t\t\t\t\t\t\t\t\t\t\t\t<\/div>\n\t\t\t\t<\/div>\n\t\t\t\t\t<\/div>\n\t\t<\/div>\n\t\t\t\t\t\t\t<\/div>\n\t\t<\/section>\n\t\t\t\t<section class=\"elementor-section elementor-top-section elementor-element elementor-element-2d5453eb elementor-section-boxed elementor-section-height-default elementor-section-height-default elementor-invisible\" data-id=\"2d5453eb\" data-element_type=\"section\" data-settings=\"{&quot;animation&quot;:&quot;fadeInUp&quot;}\">\n\t\t\t\t\t\t<div class=\"elementor-container elementor-column-gap-default\">\n\t\t\t\t\t<div class=\"elementor-column elementor-col-100 elementor-top-column elementor-element elementor-element-1581f1fe\" data-id=\"1581f1fe\" data-element_type=\"column\">\n\t\t\t<div class=\"elementor-widget-wrap elementor-element-populated\">\n\t\t\t\t\t\t\t\t<div class=\"elementor-element elementor-element-abe5b89 elementor-widget elementor-widget-heading\" data-id=\"abe5b89\" data-element_type=\"widget\" data-widget_type=\"heading.default\">\n\t\t\t\t<div class=\"elementor-widget-container\">\n\t\t\t<h2 class=\"elementor-heading-title elementor-size-default\">Masz jakiekolwiek pytania?<\/h2>\t\t<\/div>\n\t\t\t\t<\/div>\n\t\t\t\t<div class=\"elementor-element elementor-element-2683b893 elementor-widget elementor-widget-text-editor\" data-id=\"2683b893\" data-element_type=\"widget\" data-widget_type=\"text-editor.default\">\n\t\t\t\t<div class=\"elementor-widget-container\">\n\t\t\t\t\t\t\t<p>Napisz do mnie do mnie a ja z ch\u0119ci\u0105 postaram si\u0119 rozwia\u0107 wszelkie w\u0105tpliwo\u015bci<\/p>\t\t\t\t\t\t<\/div>\n\t\t\t\t<\/div>\n\t\t\t\t<div class=\"elementor-element elementor-element-7b55d2f6 elementor-align-center elementor-widget elementor-widget-button\" data-id=\"7b55d2f6\" data-element_type=\"widget\" data-widget_type=\"button.default\">\n\t\t\t\t<div class=\"elementor-widget-container\">\n\t\t\t\t\t<div class=\"elementor-button-wrapper\">\n\t\t\t<a class=\"elementor-button elementor-button-link elementor-size-sm\" href=\"https:\/\/tu-rozmawiajmy.pl\/index.php\/kontakt\/\">\n\t\t\t\t\t\t<span class=\"elementor-button-content-wrapper\">\n\t\t\t\t\t\t<span class=\"elementor-button-text\">Napisz do mnie!<\/span>\n\t\t<\/span>\n\t\t\t\t\t<\/a>\n\t\t<\/div>\n\t\t\t\t<\/div>\n\t\t\t\t<\/div>\n\t\t\t\t\t<\/div>\n\t\t<\/div>\n\t\t\t\t\t\t\t<\/div>\n\t\t<\/section>\n\t\t\t\t\t\t\t<\/div>\n\t\t","protected":false},"excerpt":{"rendered":"<p>O mnie Motto Ka\u017cda zmiana to zrobienie czego\u015b inaczej ni\u017c zwykle. Je\u015bli zastanawiasz si\u0119, jak co\u015b zmieni\u0107 &#8211;\u00a0po prostu postaw pierwszy krok. W trakcie naszych spotka\u0144 poka\u017c\u0119 Ci jak to zrobi\u0107. Poznajmy si\u0119 Nazywam si\u0119 Karolina Malinowska i wybra\u0142am siebie. Od kilku lat czu\u0142am, \u017ce wci\u0105\u017c szukam swojego miejsca i odpowiedniej drogi. Jaki\u015b czas temu [&hellip;]<\/p>\n","protected":false},"author":1,"featured_media":0,"parent":0,"menu_order":0,"comment_status":"closed","ping_status":"closed","template":"elementor_header_footer","meta":{"_monsterinsights_skip_tracking":false,"_monsterinsights_sitenote_active":false,"_monsterinsights_sitenote_note":"","_monsterinsights_sitenote_category":0},"aioseo_notices":[],"_links":{"self":[{"href":"https:\/\/tu-rozmawiajmy.pl\/index.php\/wp-json\/wp\/v2\/pages\/137"}],"collection":[{"href":"https:\/\/tu-rozmawiajmy.pl\/index.php\/wp-json\/wp\/v2\/pages"}],"about":[{"href":"https:\/\/tu-rozmawiajmy.pl\/index.php\/wp-json\/wp\/v2\/types\/page"}],"author":[{"embeddable":true,"href":"https:\/\/tu-rozmawiajmy.pl\/index.php\/wp-json\/wp\/v2\/users\/1"}],"replies":[{"embeddable":true,"href":"https:\/\/tu-rozmawiajmy.pl\/index.php\/wp-json\/wp\/v2\/comments?post=137"}],"version-history":[{"count":34,"href":"https:\/\/tu-rozmawiajmy.pl\/index.php\/wp-json\/wp\/v2\/pages\/137\/revisions"}],"predecessor-version":[{"id":499,"href":"https:\/\/tu-rozmawiajmy.pl\/index.php\/wp-json\/wp\/v2\/pages\/137\/revisions\/499"}],"wp:attachment":[{"href":"https:\/\/tu-rozmawiajmy.pl\/index.php\/wp-json\/wp\/v2\/media?parent=137"}],"curies":[{"name":"wp","href":"https:\/\/api.w.org\/{rel}","templated":true}]}}